{"id":7,"date":"2010-06-07T20:48:30","date_gmt":"2010-06-07T20:48:30","guid":{"rendered":"http:\/\/www.oegv-bruck.at\/?page_id=7"},"modified":"2024-04-07T20:04:34","modified_gmt":"2024-04-07T19:04:34","slug":"impressum","status":"publish","type":"page","link":"https:\/\/www.oegv-bruck.at\/?page_id=7","title":{"rendered":"Impressum"},"content":{"rendered":"<p>Vereinsadresse<\/p>\n<p>\u00d6GV\u00a0Bruck an der Leitha<\/p>\n<table style=\"height: 158px;\" border=\"0\" width=\"201\">\n<tbody>\n<tr>\n<td><\/td>\n<\/tr>\n<tr>\n<td>Spannweide Ost 1<\/td>\n<\/tr>\n<tr>\n<td>2460 Bruck an der Leitha<\/td>\n<\/tr>\n<tr>\n<td>ZVR_Zahl: 813668559<\/td>\n<\/tr>\n<tr>\n<td><\/td>\n<\/tr>\n<tr>\n<td>Email: <a href=\"mailto:oegv.bruck@aon.at\">oegv.bruck@gmx.at<\/a><\/td>\n<\/tr>\n<tr>\n<td><\/td>\n<\/tr>\n<\/tbody>\n<\/table>\n<table border=\"0\" width=\"295\">\n<tbody>\n<tr>\n<td><span style=\"text-decoration: underline;\">Telefonnummer:<span style=\"color: #0000ff;\">0650\/8299375 <span style=\"color: #000000;\">erreichbar von Montag-Freitag 8.00 Uhr bis 18.00 Uhr <\/span><\/span><\/span><\/td>\n<\/tr>\n<tr>\n<td><\/td>\n<\/tr>\n<tr>\n<td><\/td>\n<\/tr>\n<\/tbody>\n<\/table>\n<table style=\"height: 277px;\" border=\"0\" width=\"535\">\n<tbody>\n<tr>\n<td><strong>Haftung<\/strong><\/td>\n<\/tr>\n<tr>\n<td>Die auf diesen Seiten wiedergegebenen Inhalte wurden sorgf\u00e4ltig gepr\u00fcft. Dessen ungeachtet kann keine Garantie f\u00fcr die Vollst\u00e4ndigkeit, Richtigkeit und Aktualit\u00e4t der Angaben \u00fcbernommen werden. Sollten dennoch Fehler darin enthalten sein, kann keine wie immer geartete Haftung daf\u00fcr \u00fcbernommen werden.<br \/>\nTrotz sorgf\u00e4ltiger inhaltlicher Kontrolle \u00fcbernehmen wir keine Haftung f\u00fcr die Inhalte externer Links. F\u00fcr den Inhalt der verlinkten Seiten sind ausschlie\u00dflich deren Betreiber verantwortlich.<br \/>\nEs gilt grunds\u00e4tzlich und ausschlie\u00dflich \u00f6sterreichisches Recht.<\/td>\n<\/tr>\n<tr>\n<td><strong>Copyright<\/strong><br \/>\nDas Copyright f\u00fcr diese Webseite liegt beim Verein bzw. den jeweiligen Autoren und Autorinnen der verlinkten Seiten.<br \/>\nLogos und Produktbezeichnungen sind zu Gunsten der jeweiligen Hersteller als Warenzeichen und eingetragene Warenzeichen gesch\u00fctzt. Die Wiedergabe von Warenbezeichnungen, Handelsnamen usw. auf dieser Webseite berechtigt auch ohne Kennzeichnung nicht zur Annahme, dass diese Namen im Sinne des Markenschutz als frei zu betrachten w\u00e4ren und daher benutzt werden d\u00fcrfen. Preise<br \/>\nSofern Preise angef\u00fchrt sind, verstehen sich diese inklusive der gesetzlichen MwSt.<\/td>\n<\/tr>\n<\/tbody>\n<\/table>\n","protected":false},"excerpt":{"rendered":"<p>Vereinsadresse \u00d6GV\u00a0Bruck an der Leitha Spannweide Ost 1 2460 Bruck an der Leitha ZVR_Zahl: 813668559 Email: oegv.bruck@gmx.at Telefonnummer:0650\/8299375 erreichbar von Montag-Freitag 8.00 Uhr bis 18.00 Uhr Haftung Die auf diesen Seiten wiedergegebenen Inhalte wurden sorgf\u00e4ltig gepr\u00fcft. Dessen ungeachtet kann keine Garantie f\u00fcr die Vollst\u00e4ndigkeit, Richtigkeit und Aktualit\u00e4t der Angaben \u00fcbernommen werden. Sollten dennoch Fehler darin [&hellip;]<\/p>\n","protected":false},"author":1,"featured_media":0,"parent":0,"menu_order":16,"comment_status":"closed","ping_status":"closed","template":"","meta":{"footnotes":""},"_links":{"self":[{"href":"https:\/\/www.oegv-bruck.at\/index.php?rest_route=\/wp\/v2\/pages\/7"}],"collection":[{"href":"https:\/\/www.oegv-bruck.at\/index.php?rest_route=\/wp\/v2\/pages"}],"about":[{"href":"https:\/\/www.oegv-bruck.at\/index.php?rest_route=\/wp\/v2\/types\/page"}],"author":[{"embeddable":true,"href":"https:\/\/www.oegv-bruck.at\/index.php?rest_route=\/wp\/v2\/users\/1"}],"replies":[{"embeddable":true,"href":"https:\/\/www.oegv-bruck.at\/index.php?rest_route=%2Fwp%2Fv2%2Fcomments&post=7"}],"version-history":[{"count":32,"href":"https:\/\/www.oegv-bruck.at\/index.php?rest_route=\/wp\/v2\/pages\/7\/revisions"}],"predecessor-version":[{"id":2923,"href":"https:\/\/www.oegv-bruck.at\/index.php?rest_route=\/wp\/v2\/pages\/7\/revisions\/2923"}],"wp:attachment":[{"href":"https:\/\/www.oegv-bruck.at\/index.php?rest_route=%2Fwp%2Fv2%2Fmedia&parent=7"}],"curies":[{"name":"wp","href":"https:\/\/api.w.org\/{rel}","templated":true}]}}