{"id":1532,"date":"2017-04-22T21:27:34","date_gmt":"2017-04-22T20:27:34","guid":{"rendered":"http:\/\/www.oegv-bruck.at\/?page_id=1532"},"modified":"2024-04-07T20:01:58","modified_gmt":"2024-04-07T19:01:58","slug":"junghunde-und-anfangerkurs","status":"publish","type":"page","link":"https:\/\/www.oegv-bruck.at\/?page_id=1532","title":{"rendered":"Anf\u00e4ngerkurs"},"content":{"rendered":"<p><span style=\"color: #ff0000;\"> (ab 7 . Monat )<\/span><\/p>\n<p><span style=\"color: #000000;\">Ist die n\u00e4chste Stufe nach dem Welpen Kurs. Grundlagen des Gehorsams werden aufgebaut und wir unterst\u00fctzen euch durch das Flegelalter.<\/span><\/p>\n<p><span style=\"color: #000000;\">Au\u00dferdem werden Grundkommandos wie Sitz, Platz, Steh, Fu\u00df laufen erlernt und gefestigt. Wie auch schon im Welpen Kurs, geht hier nichts ohne Motivation und Spa\u00df beim Hund. Gerne bereiten wir euch auch auf die BH Pr\u00fcfung vor.<\/span><\/p>\n<p><span style=\"color: #000000;\"><a href=\"http:\/\/www.oegv-bruck.at\/wp-content\/uploads\/2017\/04\/IMG_20220528_204106.jpg\"><img decoding=\"async\" loading=\"lazy\" class=\"alignleft size-medium wp-image-2403\" title=\"IMG_20220528_204106\" src=\"http:\/\/www.oegv-bruck.at\/wp-content\/uploads\/2017\/04\/IMG_20220528_204106-300x224.jpg\" alt=\"\" width=\"300\" height=\"224\" srcset=\"https:\/\/www.oegv-bruck.at\/wp-content\/uploads\/2017\/04\/IMG_20220528_204106-300x224.jpg 300w, https:\/\/www.oegv-bruck.at\/wp-content\/uploads\/2017\/04\/IMG_20220528_204106-1024x767.jpg 1024w, https:\/\/www.oegv-bruck.at\/wp-content\/uploads\/2017\/04\/IMG_20220528_204106.jpg 1779w\" sizes=\"(max-width: 300px) 100vw, 300px\" \/><\/a><br \/>\n<\/span><\/p>\n","protected":false},"excerpt":{"rendered":"<p>(ab 7 . Monat ) Ist die n\u00e4chste Stufe nach dem Welpen Kurs. Grundlagen des Gehorsams werden aufgebaut und wir unterst\u00fctzen euch durch das Flegelalter. Au\u00dferdem werden Grundkommandos wie Sitz, Platz, Steh, Fu\u00df laufen erlernt und gefestigt. Wie auch schon im Welpen Kurs, geht hier nichts ohne Motivation und Spa\u00df beim Hund. Gerne bereiten wir [&hellip;]<\/p>\n","protected":false},"author":14736,"featured_media":0,"parent":0,"menu_order":7,"comment_status":"closed","ping_status":"closed","template":"","meta":{"footnotes":""},"_links":{"self":[{"href":"https:\/\/www.oegv-bruck.at\/index.php?rest_route=\/wp\/v2\/pages\/1532"}],"collection":[{"href":"https:\/\/www.oegv-bruck.at\/index.php?rest_route=\/wp\/v2\/pages"}],"about":[{"href":"https:\/\/www.oegv-bruck.at\/index.php?rest_route=\/wp\/v2\/types\/page"}],"author":[{"embeddable":true,"href":"https:\/\/www.oegv-bruck.at\/index.php?rest_route=\/wp\/v2\/users\/14736"}],"replies":[{"embeddable":true,"href":"https:\/\/www.oegv-bruck.at\/index.php?rest_route=%2Fwp%2Fv2%2Fcomments&post=1532"}],"version-history":[{"count":29,"href":"https:\/\/www.oegv-bruck.at\/index.php?rest_route=\/wp\/v2\/pages\/1532\/revisions"}],"predecessor-version":[{"id":2893,"href":"https:\/\/www.oegv-bruck.at\/index.php?rest_route=\/wp\/v2\/pages\/1532\/revisions\/2893"}],"wp:attachment":[{"href":"https:\/\/www.oegv-bruck.at\/index.php?rest_route=%2Fwp%2Fv2%2Fmedia&parent=1532"}],"curies":[{"name":"wp","href":"https:\/\/api.w.org\/{rel}","templated":true}]}}