{"id":10,"date":"2010-06-07T20:57:28","date_gmt":"2010-06-07T20:57:28","guid":{"rendered":"http:\/\/www.oegv-bruck.at\/?page_id=10"},"modified":"2024-04-29T16:58:59","modified_gmt":"2024-04-29T15:58:59","slug":"home","status":"publish","type":"page","link":"https:\/\/www.oegv-bruck.at\/","title":{"rendered":"Home"},"content":{"rendered":"<p><strong>M\u00f6chten Sie <\/strong><strong>einen folgsamen Hund?<a href=\"http:\/\/www.oegv-bruck.at\/wp-content\/uploads\/2010\/06\/284274154_112827238103889_7302955551870804040_n1.jpg\"><img decoding=\"async\" loading=\"lazy\" class=\"aligncenter size-medium wp-image-2362\" src=\"http:\/\/www.oegv-bruck.at\/wp-content\/uploads\/2010\/06\/284274154_112827238103889_7302955551870804040_n1-300x157.jpg\" alt=\"\" width=\"300\" height=\"157\" srcset=\"https:\/\/www.oegv-bruck.at\/wp-content\/uploads\/2010\/06\/284274154_112827238103889_7302955551870804040_n1-300x157.jpg 300w, https:\/\/www.oegv-bruck.at\/wp-content\/uploads\/2010\/06\/284274154_112827238103889_7302955551870804040_n1.jpg 938w\" sizes=\"(max-width: 300px) 100vw, 300px\" \/><\/a><br \/>M\u00f6chten Sie, dass Ihr Hund Sie versteht?<br \/>M\u00f6chten Sie Ihren Hund verstehen?<\/strong><\/p>\n<p><strong>Haben Sie Fragen zur Hundeerziehung&#8230;??<\/strong><\/p>\n<p>Egal ob im Welpen Kindergarten\u2014beim Spielen,<\/p>\n<p>bei den Anf\u00e4ngern\u2013 denen der Gehorsam noch Probleme bereitet,<\/p>\n<p>oder bei den Fortgeschrittenen die schon Pr\u00fcfungen mit ihrem Hund<\/p>\n<p>ablegen, es ist f\u00fcr Sie und Ihren Hund sicher das Richtige dabei.<\/p>\n<p>Kommen Sie einfach zu einer<\/p>\n<p><strong>KOSTENLOSEN SCHNUPPERSTUNDE<\/strong><\/p>\n<h5><strong><span style=\"text-decoration: underline;\"><em>Was brauche ich mit:<\/em><\/span><\/strong><\/h5>\n<address>&#8211; Leckerlies (am besten klein geschnittene Wurst- oder K\u00e4sest\u00fccke)<\/address>\n<address>&#8211; ein Spielzeug (Ball, Seil oder \u00e4hnliches; keine \u201cQuietschies\u201d!)<\/address>\n<address>&#8211; Halsband\u00a0und Leine (KEINE Flexileine, KEIN Brustgeschirr!)<\/address>\n\n\n<figure class=\"wp-block-gallery has-nested-images columns-default is-cropped wp-block-gallery-1 is-layout-flex wp-block-gallery-is-layout-flex\"><div class=\"wp-block-image\">\n<figure class=\"aligncenter size-medium\"><img decoding=\"async\" loading=\"lazy\" width=\"300\" height=\"300\" data-id=\"2974\" src=\"https:\/\/www.oegv-bruck.at\/wp-content\/uploads\/logo-asvoe-noe-3-300x300.jpg\" alt=\"\" class=\"wp-image-2974\" srcset=\"https:\/\/www.oegv-bruck.at\/wp-content\/uploads\/logo-asvoe-noe-3-300x300.jpg 300w, https:\/\/www.oegv-bruck.at\/wp-content\/uploads\/logo-asvoe-noe-3-150x150.jpg 150w, https:\/\/www.oegv-bruck.at\/wp-content\/uploads\/logo-asvoe-noe-3-768x768.jpg 768w, https:\/\/www.oegv-bruck.at\/wp-content\/uploads\/logo-asvoe-noe-3.jpg 800w\" sizes=\"(max-width: 300px) 100vw, 300px\" \/><\/figure><\/div><\/figure>\n\n\n\n<p><\/p>\n","protected":false},"excerpt":{"rendered":"<p>M\u00f6chten Sie einen folgsamen Hund?M\u00f6chten Sie, dass Ihr Hund Sie versteht?M\u00f6chten Sie Ihren Hund verstehen? Haben Sie Fragen zur Hundeerziehung&#8230;?? Egal ob im Welpen Kindergarten\u2014beim Spielen, bei den Anf\u00e4ngern\u2013 denen der Gehorsam noch Probleme bereitet, oder bei den Fortgeschrittenen die schon Pr\u00fcfungen mit ihrem Hund ablegen, es ist f\u00fcr Sie und Ihren Hund sicher das [&hellip;]<\/p>\n","protected":false},"author":1,"featured_media":0,"parent":0,"menu_order":1,"comment_status":"closed","ping_status":"closed","template":"","meta":{"footnotes":""},"_links":{"self":[{"href":"https:\/\/www.oegv-bruck.at\/index.php?rest_route=\/wp\/v2\/pages\/10"}],"collection":[{"href":"https:\/\/www.oegv-bruck.at\/index.php?rest_route=\/wp\/v2\/pages"}],"about":[{"href":"https:\/\/www.oegv-bruck.at\/index.php?rest_route=\/wp\/v2\/types\/page"}],"author":[{"embeddable":true,"href":"https:\/\/www.oegv-bruck.at\/index.php?rest_route=\/wp\/v2\/users\/1"}],"replies":[{"embeddable":true,"href":"https:\/\/www.oegv-bruck.at\/index.php?rest_route=%2Fwp%2Fv2%2Fcomments&post=10"}],"version-history":[{"count":32,"href":"https:\/\/www.oegv-bruck.at\/index.php?rest_route=\/wp\/v2\/pages\/10\/revisions"}],"predecessor-version":[{"id":2975,"href":"https:\/\/www.oegv-bruck.at\/index.php?rest_route=\/wp\/v2\/pages\/10\/revisions\/2975"}],"wp:attachment":[{"href":"https:\/\/www.oegv-bruck.at\/index.php?rest_route=%2Fwp%2Fv2%2Fmedia&parent=10"}],"curies":[{"name":"wp","href":"https:\/\/api.w.org\/{rel}","templated":true}]}}